{"id":48,"date":"2024-02-18T20:30:58","date_gmt":"2024-02-18T19:30:58","guid":{"rendered":"https:\/\/mleantipsychologue.fr\/?page_id=48"},"modified":"2024-02-18T20:22:35","modified_gmt":"2024-02-18T19:22:35","slug":"therapie-emdr","status":"publish","type":"page","link":"https:\/\/mleantipsychologue.fr\/index.php\/therapie-emdr\/","title":{"rendered":"EMDR"},"content":{"rendered":"\n<blockquote class=\"wp-block-quote is-layout-flow wp-block-quote-is-layout-flow\">\n<p class=\"has-normal-font-size\" id=\"block-218db33f-745a-4882-8736-e7ee3d9725eb\">Source : \u00ab\u00a0Manuel d&rsquo;EMDR\u00a0\u00bb, Francine Shapiro, Editions Dunod, 2022<br>\u00ab\u00a0<em>L&rsquo;hypoth\u00e8se th\u00e9orique du traitement EMDR est que toute r\u00e9action dysfonctionnelle dans le pr\u00e9sent (\u00e0 l&rsquo;exception des pathologies d&rsquo;origine organique ou chimique) est toujours le r\u00e9sultat d&rsquo;une exp\u00e9rience ant\u00e9rieure, m\u00eame si, bien s\u00fbr, celle-ci ne remonte pas n\u00e9cessairement \u00e0 l&rsquo;enfance<\/em>\u00ab\u00a0<\/p>\n<\/blockquote>\n\n\n\n<div class=\"wp-block-media-text is-stacked-on-mobile\" style=\"grid-template-columns:37% auto\"><figure class=\"wp-block-media-text__media\"><img loading=\"lazy\" decoding=\"async\" width=\"1024\" height=\"682\" src=\"https:\/\/mleantipsychologue.fr\/wp-content\/uploads\/2024\/02\/design-g38bc37718_1280-1024x682.png\" alt=\"\" class=\"wp-image-49 size-full\" srcset=\"https:\/\/mleantipsychologue.fr\/wp-content\/uploads\/2024\/02\/design-g38bc37718_1280-1024x682.png 1024w, https:\/\/mleantipsychologue.fr\/wp-content\/uploads\/2024\/02\/design-g38bc37718_1280-300x200.png 300w, https:\/\/mleantipsychologue.fr\/wp-content\/uploads\/2024\/02\/design-g38bc37718_1280-768x512.png 768w, https:\/\/mleantipsychologue.fr\/wp-content\/uploads\/2024\/02\/design-g38bc37718_1280.png 1280w\" sizes=\"auto, (max-width: 1024px) 100vw, 1024px\" \/><\/figure><div class=\"wp-block-media-text__content\">\n<p>L&rsquo;EMDR (<strong>Eye Movement Desensitization and Reprocessing<\/strong>) est une th\u00e9rapie qui a \u00e9t\u00e9 d\u00e9velopp\u00e9e pour aider les personnes \u00e0 traiter les sympt\u00f4mes li\u00e9s \u00e0 un traumatisme psychologique.<\/p>\n<\/div><\/div>\n\n\n\n<p>Voici quelques raisons pour lesquelles une personne peut choisir de faire une th\u00e9rapie EMDR :<\/p>\n\n\n\n<ol class=\"wp-block-list\">\n<li><strong>Traitement du trouble de stress post-traumatique (TSPT)<\/strong> : l&rsquo;EMDR est souvent utilis\u00e9 pour traiter le TSPT, qui est un trouble anxieux qui se d\u00e9veloppe apr\u00e8s avoir v\u00e9cu un \u00e9v\u00e9nement traumatique. Les sympt\u00f4mes du TSPT peuvent inclure des cauchemars, des flashbacks, des \u00e9vitements, des r\u00e9actions de sursaut, des sentiments d&rsquo;anxi\u00e9t\u00e9 et de d\u00e9pression.<\/li>\n\n\n\n<li><strong>Traitement d&rsquo;autres types de traumatismes<\/strong> : l&rsquo;EMDR peut \u00e9galement \u00eatre utilis\u00e9 pour traiter d&rsquo;autres types de traumatismes, tels que les abus physiques ou sexuels, les accidents, les catastrophes naturelles ou les agressions.<\/li>\n\n\n\n<li><strong>Traitement des troubles anxieux<\/strong> : l&rsquo;EMDR peut \u00eatre efficace pour traiter les troubles anxieux, tels que les phobies, les troubles paniques et les troubles obsessionnels compulsifs (TOC).<\/li>\n\n\n\n<li><strong>Traitement des d\u00e9pendances<\/strong> : l&rsquo;EMDR peut \u00eatre utilis\u00e9 pour traiter les d\u00e9pendances, en aidant les personnes \u00e0 identifier et \u00e0 traiter les traumatismes sous-jacents qui peuvent \u00eatre li\u00e9s \u00e0 leur comportement de d\u00e9pendance.<\/li>\n\n\n\n<li><strong>Am\u00e9lioration de l&rsquo;estime de soi<\/strong> : l&rsquo;EMDR peut \u00e9galement aider \u00e0 am\u00e9liorer l&rsquo;estime de soi en aidant les personnes \u00e0 identifier et \u00e0 traiter les \u00e9v\u00e9nements traumatisants qui ont pu affecter leur estime de soi.<\/li>\n<\/ol>\n\n\n\n<p class=\"has-small-font-size\">L&rsquo;EMDR (Eye Movement Desensitization and Reprocessing) est une forme de th\u00e9rapie br\u00e8ve qui a \u00e9t\u00e9 d\u00e9velopp\u00e9e pour aider les personnes \u00e0 surmonter les effets n\u00e9gatifs des traumatismes psychologiques. Cette th\u00e9rapie repose sur l&rsquo;hypoth\u00e8se que les sympt\u00f4mes li\u00e9s aux traumatismes sont dus \u00e0 des perturbations dans le traitement de l&rsquo;information dans le cerveau.<\/p>\n\n\n\n<p class=\"has-small-font-size\">L&rsquo;EMDR utilise des techniques de mouvement oculaire, des stimuli auditifs ou tactiles pour aider les patients \u00e0 traiter les souvenirs traumatiques qui ont \u00e9t\u00e9 stock\u00e9s de mani\u00e8re dysfonctionnelle dans leur cerveau. Le processus EMDR implique l&rsquo;identification du souvenir traumatique, l&rsquo;exploration des \u00e9motions et des sensations corporelles associ\u00e9es \u00e0 ce souvenir, ainsi que des mouvements oculaires, des sons ou des vibrations pour aider \u00e0 r\u00e9duire l&rsquo;intensit\u00e9 \u00e9motionnelle de ce souvenir.<\/p>\n\n\n\n<p class=\"has-small-font-size\">L&rsquo;EMDR se base sur le mod\u00e8le de traitement adaptatif de l&rsquo;information (TAI) qui consid\u00e8re que <strong>les sympt\u00f4mes traumatiques r\u00e9sultent d&rsquo;une perturbation du traitement de l&rsquo;information par le cerveau<\/strong>. Cette perturbation peut emp\u00eacher l&rsquo;individu de traiter et d&rsquo;int\u00e9grer correctement les souvenirs traumatiques, entra\u00eenant ainsi la persistance des sympt\u00f4mes.<\/p>\n\n\n\n<p class=\"has-small-font-size\">L&rsquo;EMDR a \u00e9t\u00e9 d\u00e9velopp\u00e9 en 1987 par la psychologue am\u00e9ricaine Francine Shapiro. Depuis, de nombreuses recherches ont \u00e9t\u00e9 men\u00e9es pour \u00e9valuer l&rsquo;efficacit\u00e9 de l&rsquo;EMDR dans le traitement des traumatismes, et les r\u00e9sultats ont montr\u00e9 que cette approche peut \u00eatre efficace pour r\u00e9duire les sympt\u00f4mes du trouble de stress post-traumatique (TSPT) et d&rsquo;autres troubles li\u00e9s aux traumatismes.<\/p>\n","protected":false},"excerpt":{"rendered":"<p>Source : \u00ab\u00a0Manuel d&rsquo;EMDR\u00a0\u00bb, Francine Shapiro, Editions Dunod, 2022\u00ab\u00a0L&rsquo;hypoth\u00e8se th\u00e9orique du traitement EMDR est que toute r\u00e9action dysfonctionnelle dans le pr\u00e9sent (\u00e0 l&rsquo;exception des pathologies d&rsquo;origine organique ou chimique) est toujours le r\u00e9sultat d&rsquo;une exp\u00e9rience ant\u00e9rieure, m\u00eame si, bien s\u00fbr, celle-ci ne remonte pas n\u00e9cessairement \u00e0 l&rsquo;enfance\u00ab\u00a0 L&rsquo;EMDR (Eye Movement Desensitization and Reprocessing) est une [&hellip;]<\/p>\n","protected":false},"author":1,"featured_media":0,"parent":0,"menu_order":0,"comment_status":"closed","ping_status":"closed","template":"","meta":{"om_disable_all_campaigns":false,"_uag_custom_page_level_css":"","_monsterinsights_skip_tracking":false,"_monsterinsights_sitenote_active":false,"_monsterinsights_sitenote_note":"","_monsterinsights_sitenote_category":0,"_themeisle_gutenberg_block_has_review":false,"footnotes":""},"class_list":["post-48","page","type-page","status-publish","hentry"],"aioseo_notices":[],"uagb_featured_image_src":{"full":false,"thumbnail":false,"medium":false,"medium_large":false,"large":false,"1536x1536":false,"2048x2048":false},"uagb_author_info":{"display_name":"m.leanti","author_link":"https:\/\/mleantipsychologue.fr\/index.php\/author\/m-leanti\/"},"uagb_comment_info":0,"uagb_excerpt":"Source : \u00ab\u00a0Manuel d&rsquo;EMDR\u00a0\u00bb, Francine Shapiro, Editions Dunod, 2022\u00ab\u00a0L&rsquo;hypoth\u00e8se th\u00e9orique du traitement EMDR est que toute r\u00e9action dysfonctionnelle dans le pr\u00e9sent (\u00e0 l&rsquo;exception des pathologies d&rsquo;origine organique ou chimique) est toujours le r\u00e9sultat d&rsquo;une exp\u00e9rience ant\u00e9rieure, m\u00eame si, bien s\u00fbr, celle-ci ne remonte pas n\u00e9cessairement \u00e0 l&rsquo;enfance\u00ab\u00a0 L&rsquo;EMDR (Eye Movement Desensitization and Reprocessing) est une\u2026","_links":{"self":[{"href":"https:\/\/mleantipsychologue.fr\/index.php\/wp-json\/wp\/v2\/pages\/48","targetHints":{"allow":["GET"]}}],"collection":[{"href":"https:\/\/mleantipsychologue.fr\/index.php\/wp-json\/wp\/v2\/pages"}],"about":[{"href":"https:\/\/mleantipsychologue.fr\/index.php\/wp-json\/wp\/v2\/types\/page"}],"author":[{"embeddable":true,"href":"https:\/\/mleantipsychologue.fr\/index.php\/wp-json\/wp\/v2\/users\/1"}],"replies":[{"embeddable":true,"href":"https:\/\/mleantipsychologue.fr\/index.php\/wp-json\/wp\/v2\/comments?post=48"}],"version-history":[{"count":1,"href":"https:\/\/mleantipsychologue.fr\/index.php\/wp-json\/wp\/v2\/pages\/48\/revisions"}],"predecessor-version":[{"id":50,"href":"https:\/\/mleantipsychologue.fr\/index.php\/wp-json\/wp\/v2\/pages\/48\/revisions\/50"}],"wp:attachment":[{"href":"https:\/\/mleantipsychologue.fr\/index.php\/wp-json\/wp\/v2\/media?parent=48"}],"curies":[{"name":"wp","href":"https:\/\/api.w.org\/{rel}","templated":true}]}}