{"id":41,"date":"2024-02-18T20:32:12","date_gmt":"2024-02-18T19:32:12","guid":{"rendered":"https:\/\/mleantipsychologue.fr\/?page_id=41"},"modified":"2026-03-02T13:05:46","modified_gmt":"2026-03-02T12:05:46","slug":"tarifs","status":"publish","type":"page","link":"https:\/\/mleantipsychologue.fr\/index.php\/tarifs\/","title":{"rendered":"Tarifs"},"content":{"rendered":"\n<div class=\"wp-block-media-text is-stacked-on-mobile\" style=\"grid-template-columns:25% auto\"><figure class=\"wp-block-media-text__media\"><img loading=\"lazy\" decoding=\"async\" width=\"1024\" height=\"682\" src=\"https:\/\/mleantipsychologue.fr\/wp-content\/uploads\/2024\/02\/maths-gf6e970579_1280-1024x682.jpg\" alt=\"\" class=\"wp-image-42 size-full\" srcset=\"https:\/\/mleantipsychologue.fr\/wp-content\/uploads\/2024\/02\/maths-gf6e970579_1280-1024x682.jpg 1024w, https:\/\/mleantipsychologue.fr\/wp-content\/uploads\/2024\/02\/maths-gf6e970579_1280-300x200.jpg 300w, https:\/\/mleantipsychologue.fr\/wp-content\/uploads\/2024\/02\/maths-gf6e970579_1280-768x512.jpg 768w, https:\/\/mleantipsychologue.fr\/wp-content\/uploads\/2024\/02\/maths-gf6e970579_1280.jpg 1280w\" sizes=\"auto, (max-width: 1024px) 100vw, 1024px\" \/><\/figure><div class=\"wp-block-media-text__content\">\n<p class=\"has-small-font-size\"><span style=\"text-decoration: underline\"><strong>Premi\u00e8re consultat<\/strong><\/span><strong><span style=\"text-decoration: underline\">ion en cabinet<\/span><\/strong> : 70 euros la s\u00e9ance de <strong>45 min<\/strong><\/p>\n\n\n\n<p class=\"has-small-font-size\"><strong><span style=\"text-decoration: underline\">Consultation de suivi TCC (en cabinet<\/span><\/strong>): 70 euros la s\u00e9ance de <strong>45 min <\/strong><\/p>\n\n\n\n<p class=\"has-small-font-size\"><strong><span style=\"text-decoration: underline\">Consultation de suivi EMDR<\/span><strong><span style=\"text-decoration: underline\">(en cabinet<\/span><\/strong>)<\/strong>: 70 euros la s\u00e9ance de <strong>45 min<\/strong><\/p>\n\n\n\n<p class=\"has-small-font-size\"><span style=\"text-decoration: underline\"><strong>Visioconsultation<\/strong><\/span> : 70 euros la s\u00e9ance de <strong>45 min<\/strong><\/p>\n\n\n\n<p class=\"has-small-font-size\"><strong><span class=\"highlight\"><span style=\"text-decoration: underline\"><strong>Bilan de comp\u00e9tences<\/strong><\/span> <\/span><\/strong>: prise en charge CPF ou autre &#8211; <strong>me contacter<\/strong><br><br><strong><span style=\"text-decoration: underline\">Moyens de paiement accept\u00e9s <\/span><\/strong>: CB, esp\u00e8ces, virements, ch\u00e8ques.<\/p>\n<\/div><\/div>\n\n\n\n<p class=\"has-text-align-center has-vivid-red-color has-text-color has-link-color has-medium-font-size wp-elements-5751fc6096acc1fa3c230b54851c2cd7\"><strong>Tout rendez-vous, annul\u00e9 ou d\u00e9cal\u00e9, dans les <span style=\"text-decoration: underline\">2 jours <\/span>AVANT la date de la s\u00e9ance vous sera int\u00e9gralement factur\u00e9<\/strong>.<\/p>\n\n\n\n<p><strong><span style=\"text-decoration: underline\">Attention<\/span><\/strong> : les consultations chez un psychologue ne sont pas prises en charge par la s\u00e9curit\u00e9 sociale. Certaines mutuelles peuvent rembourser un nombre d\u00e9fini de s\u00e9ances, pour ce faire je vous fournirai une facture.<\/p>\n","protected":false},"excerpt":{"rendered":"<p>Premi\u00e8re consultation en cabinet : 70 euros la s\u00e9ance de 45 min Consultation de suivi TCC (en cabinet): 70 euros la s\u00e9ance de 45 min Consultation de suivi EMDR(en cabinet): 70 euros la s\u00e9ance de 45 min Visioconsultation : 70 euros la s\u00e9ance de 45 min Bilan de comp\u00e9tences : prise en charge CPF ou [&hellip;]<\/p>\n","protected":false},"author":1,"featured_media":0,"parent":0,"menu_order":0,"comment_status":"closed","ping_status":"closed","template":"","meta":{"om_disable_all_campaigns":false,"_uag_custom_page_level_css":"","_monsterinsights_skip_tracking":false,"_monsterinsights_sitenote_active":false,"_monsterinsights_sitenote_note":"","_monsterinsights_sitenote_category":0,"_themeisle_gutenberg_block_has_review":false,"footnotes":""},"class_list":["post-41","page","type-page","status-publish","hentry"],"aioseo_notices":[],"uagb_featured_image_src":{"full":false,"thumbnail":false,"medium":false,"medium_large":false,"large":false,"1536x1536":false,"2048x2048":false},"uagb_author_info":{"display_name":"m.leanti","author_link":"https:\/\/mleantipsychologue.fr\/index.php\/author\/m-leanti\/"},"uagb_comment_info":0,"uagb_excerpt":"Premi\u00e8re consultation en cabinet : 70 euros la s\u00e9ance de 45 min Consultation de suivi TCC (en cabinet): 70 euros la s\u00e9ance de 45 min Consultation de suivi EMDR(en cabinet): 70 euros la s\u00e9ance de 45 min Visioconsultation : 70 euros la s\u00e9ance de 45 min Bilan de comp\u00e9tences : prise en charge CPF ou\u2026","_links":{"self":[{"href":"https:\/\/mleantipsychologue.fr\/index.php\/wp-json\/wp\/v2\/pages\/41","targetHints":{"allow":["GET"]}}],"collection":[{"href":"https:\/\/mleantipsychologue.fr\/index.php\/wp-json\/wp\/v2\/pages"}],"about":[{"href":"https:\/\/mleantipsychologue.fr\/index.php\/wp-json\/wp\/v2\/types\/page"}],"author":[{"embeddable":true,"href":"https:\/\/mleantipsychologue.fr\/index.php\/wp-json\/wp\/v2\/users\/1"}],"replies":[{"embeddable":true,"href":"https:\/\/mleantipsychologue.fr\/index.php\/wp-json\/wp\/v2\/comments?post=41"}],"version-history":[{"count":7,"href":"https:\/\/mleantipsychologue.fr\/index.php\/wp-json\/wp\/v2\/pages\/41\/revisions"}],"predecessor-version":[{"id":198,"href":"https:\/\/mleantipsychologue.fr\/index.php\/wp-json\/wp\/v2\/pages\/41\/revisions\/198"}],"wp:attachment":[{"href":"https:\/\/mleantipsychologue.fr\/index.php\/wp-json\/wp\/v2\/media?parent=41"}],"curies":[{"name":"wp","href":"https:\/\/api.w.org\/{rel}","templated":true}]}}