{"id":38,"date":"2024-02-18T20:31:55","date_gmt":"2024-02-18T19:31:55","guid":{"rendered":"https:\/\/mleantipsychologue.fr\/?page_id=38"},"modified":"2025-10-02T19:11:55","modified_gmt":"2025-10-02T17:11:55","slug":"psychologie-du-travail","status":"publish","type":"page","link":"https:\/\/mleantipsychologue.fr\/index.php\/psychologie-du-travail\/","title":{"rendered":"Bilans de comp\u00e9tences"},"content":{"rendered":"\n<div class=\"wp-block-media-text is-stacked-on-mobile\"><figure class=\"wp-block-media-text__media\"><img loading=\"lazy\" decoding=\"async\" width=\"1022\" height=\"1024\" src=\"https:\/\/mleantipsychologue.fr\/wp-content\/uploads\/2024\/02\/counseling-gd66b3e40d_1280-1022x1024.png\" alt=\"\" class=\"wp-image-39 size-full\" srcset=\"https:\/\/mleantipsychologue.fr\/wp-content\/uploads\/2024\/02\/counseling-gd66b3e40d_1280-1022x1024.png 1022w, https:\/\/mleantipsychologue.fr\/wp-content\/uploads\/2024\/02\/counseling-gd66b3e40d_1280-300x300.png 300w, https:\/\/mleantipsychologue.fr\/wp-content\/uploads\/2024\/02\/counseling-gd66b3e40d_1280-150x150.png 150w, https:\/\/mleantipsychologue.fr\/wp-content\/uploads\/2024\/02\/counseling-gd66b3e40d_1280-768x770.png 768w, https:\/\/mleantipsychologue.fr\/wp-content\/uploads\/2024\/02\/counseling-gd66b3e40d_1280.png 1277w\" sizes=\"auto, (max-width: 1022px) 100vw, 1022px\" \/><\/figure><div class=\"wp-block-media-text__content\">\n<p>Le<strong> bilan de comp\u00e9tences<\/strong> est un <strong>espace de r\u00e9flexion<\/strong> et de <strong>dialogue<\/strong> qui permet de <strong>mieux se conna\u00eetre, de prendre conscience de ses ressources, de ses valeurs et de ses besoins<\/strong>. Il aide \u00e0 <strong>redonner du sens \u00e0 son parcours<\/strong> et \u00e0 <strong>construire un projet professionnel <\/strong>align\u00e9 avec sa personnalit\u00e9 et ses aspirations profondes.<\/p>\n<\/div><\/div>\n\n\n\n<p>Les objectifs sp\u00e9cifiques de la passation d&rsquo;un bilan de comp\u00e9tences incluent :<\/p>\n\n\n\n<ul class=\"wp-block-list\">\n<li><strong>Mieux se conna\u00eetre<\/strong> : identifier ses comp\u00e9tences, ses aptitudes, ses qualit\u00e9s personnelles et ses ressources.<\/li>\n\n\n\n<li><strong>Prendre conscience de ses motivations<\/strong> : clarifier ses valeurs, ses besoins, ce qui donne du sens \u00e0 son parcours.<\/li>\n\n\n\n<li><strong>Analyser son parcours<\/strong> : mettre en lumi\u00e8re ses r\u00e9ussites, ses exp\u00e9riences et les comp\u00e9tences transf\u00e9rables.<\/li>\n\n\n\n<li><strong>D\u00e9finir un projet professionnel r\u00e9aliste et motivant<\/strong> : en coh\u00e9rence avec ses aspirations, ses contraintes personnelles et les opportunit\u00e9s du march\u00e9 du travail.<\/li>\n\n\n\n<li><strong>\u00c9laborer un plan d\u2019action concret<\/strong> : \u00e9tablir les \u00e9tapes pour atteindre ses objectifs (formation, reconversion, \u00e9volution de poste, cr\u00e9ation d\u2019activit\u00e9, etc.).<\/li>\n\n\n\n<li><strong>Gagner en confiance et en clart\u00e9<\/strong> : se projeter plus sereinement dans l\u2019avenir professionnel.<\/li>\n<\/ul>\n\n\n\n<hr class=\"wp-block-separator has-alpha-channel-opacity\"\/>\n\n\n\n<ul class=\"wp-block-list\"><\/ul>\n\n\n\n<p>Ainsi je vous accompagne de mani\u00e8re personnalis\u00e9e dans votre bilan de comp\u00e9tences de fa\u00e7on \u00e0 atteindre vos objectifs ensemble.<\/p>\n\n\n\n<p class=\"has-vivid-red-color has-text-color has-link-color wp-elements-2f4a655bf720c5636d0df0c8537921d4\">Des <strong>moyens de financement sont possibles<\/strong> pour le bilan de comp\u00e9tence (CPF, financement par l&#8217;employeur, France travail etc.) &#8211; Parlons-en !<\/p>\n","protected":false},"excerpt":{"rendered":"<p>Le bilan de comp\u00e9tences est un espace de r\u00e9flexion et de dialogue qui permet de mieux se conna\u00eetre, de prendre conscience de ses ressources, de ses valeurs et de ses besoins. Il aide \u00e0 redonner du sens \u00e0 son parcours et \u00e0 construire un projet professionnel align\u00e9 avec sa personnalit\u00e9 et ses aspirations profondes. Les [&hellip;]<\/p>\n","protected":false},"author":1,"featured_media":0,"parent":0,"menu_order":0,"comment_status":"closed","ping_status":"closed","template":"","meta":{"om_disable_all_campaigns":false,"_uag_custom_page_level_css":"","_monsterinsights_skip_tracking":false,"_monsterinsights_sitenote_active":false,"_monsterinsights_sitenote_note":"","_monsterinsights_sitenote_category":0,"_themeisle_gutenberg_block_has_review":false,"footnotes":""},"class_list":["post-38","page","type-page","status-publish","hentry"],"aioseo_notices":[],"uagb_featured_image_src":{"full":false,"thumbnail":false,"medium":false,"medium_large":false,"large":false,"1536x1536":false,"2048x2048":false},"uagb_author_info":{"display_name":"m.leanti","author_link":"https:\/\/mleantipsychologue.fr\/index.php\/author\/m-leanti\/"},"uagb_comment_info":0,"uagb_excerpt":"Le bilan de comp\u00e9tences est un espace de r\u00e9flexion et de dialogue qui permet de mieux se conna\u00eetre, de prendre conscience de ses ressources, de ses valeurs et de ses besoins. Il aide \u00e0 redonner du sens \u00e0 son parcours et \u00e0 construire un projet professionnel align\u00e9 avec sa personnalit\u00e9 et ses aspirations profondes. Les\u2026","_links":{"self":[{"href":"https:\/\/mleantipsychologue.fr\/index.php\/wp-json\/wp\/v2\/pages\/38","targetHints":{"allow":["GET"]}}],"collection":[{"href":"https:\/\/mleantipsychologue.fr\/index.php\/wp-json\/wp\/v2\/pages"}],"about":[{"href":"https:\/\/mleantipsychologue.fr\/index.php\/wp-json\/wp\/v2\/types\/page"}],"author":[{"embeddable":true,"href":"https:\/\/mleantipsychologue.fr\/index.php\/wp-json\/wp\/v2\/users\/1"}],"replies":[{"embeddable":true,"href":"https:\/\/mleantipsychologue.fr\/index.php\/wp-json\/wp\/v2\/comments?post=38"}],"version-history":[{"count":2,"href":"https:\/\/mleantipsychologue.fr\/index.php\/wp-json\/wp\/v2\/pages\/38\/revisions"}],"predecessor-version":[{"id":189,"href":"https:\/\/mleantipsychologue.fr\/index.php\/wp-json\/wp\/v2\/pages\/38\/revisions\/189"}],"wp:attachment":[{"href":"https:\/\/mleantipsychologue.fr\/index.php\/wp-json\/wp\/v2\/media?parent=38"}],"curies":[{"name":"wp","href":"https:\/\/api.w.org\/{rel}","templated":true}]}}