{"id":32,"date":"2024-02-18T20:32:06","date_gmt":"2024-02-18T19:32:06","guid":{"rendered":"https:\/\/mleantipsychologue.fr\/?page_id=32"},"modified":"2024-02-18T20:32:06","modified_gmt":"2024-02-18T19:32:06","slug":"psychotherapies","status":"publish","type":"page","link":"https:\/\/mleantipsychologue.fr\/index.php\/psychotherapies\/","title":{"rendered":"Psychoth\u00e9rapies"},"content":{"rendered":"\n<div class=\"wp-block-media-text is-stacked-on-mobile\"><figure class=\"wp-block-media-text__media\"><img loading=\"lazy\" decoding=\"async\" width=\"1024\" height=\"748\" src=\"https:\/\/mleantipsychologue.fr\/wp-content\/uploads\/2024\/02\/therapy-g2de56800c_1280-1024x748.jpg\" alt=\"\" class=\"wp-image-33 size-full\" srcset=\"https:\/\/mleantipsychologue.fr\/wp-content\/uploads\/2024\/02\/therapy-g2de56800c_1280-1024x748.jpg 1024w, https:\/\/mleantipsychologue.fr\/wp-content\/uploads\/2024\/02\/therapy-g2de56800c_1280-300x219.jpg 300w, https:\/\/mleantipsychologue.fr\/wp-content\/uploads\/2024\/02\/therapy-g2de56800c_1280-768x561.jpg 768w, https:\/\/mleantipsychologue.fr\/wp-content\/uploads\/2024\/02\/therapy-g2de56800c_1280.jpg 1280w\" sizes=\"auto, (max-width: 1024px) 100vw, 1024px\" \/><\/figure><div class=\"wp-block-media-text__content\">\n<p>La psychoth\u00e9rapie est<strong> un traitement th\u00e9rapeutique<\/strong> qui vise \u00e0 aider les personnes \u00e0 faire face \u00e0 leurs difficult\u00e9s \u00e9motionnelles, comportementales ou relationnelles, et \u00e0 favoriser leur bien-\u00eatre psychologique.<\/p>\n<\/div><\/div>\n\n\n\n<p>L&rsquo;objectif de la psychoth\u00e9rapie peut varier en fonction des besoins du patient, mais en g\u00e9n\u00e9ral, elle vise \u00e0 comprendre<strong> les pens\u00e9e<\/strong>s, les <strong>\u00e9motions<\/strong>, les <strong>comportements<\/strong> et les <strong>relations interpersonnelles<\/strong> qui peuvent causer des probl\u00e8mes. Elle offre un espace s\u00e9curis\u00e9 o\u00f9 les individus peuvent explorer leurs sentiments, r\u00e9soudre des conflits internes, acqu\u00e9rir une meilleure compr\u00e9hension d&rsquo;eux-m\u00eames et d\u00e9velopper des strat\u00e9gies pour faire face aux d\u00e9fis de la vie.<br><br>Il existe diff\u00e9rentes approches en psychoth\u00e9rapie, telles que la <strong>th\u00e9rapie cognitive et comportementale<\/strong> et la <strong>th\u00e9rapie EMDR<\/strong> que je propose. <br><br>Le choix de l&rsquo;approche d\u00e9pend souvent de la nature des probl\u00e8mes du patient, de ses pr\u00e9f\u00e9rences personnelles.<\/p>\n","protected":false},"excerpt":{"rendered":"<p>La psychoth\u00e9rapie est un traitement th\u00e9rapeutique qui vise \u00e0 aider les personnes \u00e0 faire face \u00e0 leurs difficult\u00e9s \u00e9motionnelles, comportementales ou relationnelles, et \u00e0 favoriser leur bien-\u00eatre psychologique. L&rsquo;objectif de la psychoth\u00e9rapie peut varier en fonction des besoins du patient, mais en g\u00e9n\u00e9ral, elle vise \u00e0 comprendre les pens\u00e9es, les \u00e9motions, les comportements et les [&hellip;]<\/p>\n","protected":false},"author":1,"featured_media":0,"parent":0,"menu_order":0,"comment_status":"closed","ping_status":"closed","template":"","meta":{"om_disable_all_campaigns":false,"_uag_custom_page_level_css":"","_monsterinsights_skip_tracking":false,"_monsterinsights_sitenote_active":false,"_monsterinsights_sitenote_note":"","_monsterinsights_sitenote_category":0,"_themeisle_gutenberg_block_has_review":false,"footnotes":""},"class_list":["post-32","page","type-page","status-publish","hentry"],"aioseo_notices":[],"uagb_featured_image_src":{"full":false,"thumbnail":false,"medium":false,"medium_large":false,"large":false,"1536x1536":false,"2048x2048":false},"uagb_author_info":{"display_name":"m.leanti","author_link":"https:\/\/mleantipsychologue.fr\/index.php\/author\/m-leanti\/"},"uagb_comment_info":0,"uagb_excerpt":"La psychoth\u00e9rapie est un traitement th\u00e9rapeutique qui vise \u00e0 aider les personnes \u00e0 faire face \u00e0 leurs difficult\u00e9s \u00e9motionnelles, comportementales ou relationnelles, et \u00e0 favoriser leur bien-\u00eatre psychologique. L&rsquo;objectif de la psychoth\u00e9rapie peut varier en fonction des besoins du patient, mais en g\u00e9n\u00e9ral, elle vise \u00e0 comprendre les pens\u00e9es, les \u00e9motions, les comportements et les\u2026","_links":{"self":[{"href":"https:\/\/mleantipsychologue.fr\/index.php\/wp-json\/wp\/v2\/pages\/32","targetHints":{"allow":["GET"]}}],"collection":[{"href":"https:\/\/mleantipsychologue.fr\/index.php\/wp-json\/wp\/v2\/pages"}],"about":[{"href":"https:\/\/mleantipsychologue.fr\/index.php\/wp-json\/wp\/v2\/types\/page"}],"author":[{"embeddable":true,"href":"https:\/\/mleantipsychologue.fr\/index.php\/wp-json\/wp\/v2\/users\/1"}],"replies":[{"embeddable":true,"href":"https:\/\/mleantipsychologue.fr\/index.php\/wp-json\/wp\/v2\/comments?post=32"}],"version-history":[{"count":1,"href":"https:\/\/mleantipsychologue.fr\/index.php\/wp-json\/wp\/v2\/pages\/32\/revisions"}],"predecessor-version":[{"id":34,"href":"https:\/\/mleantipsychologue.fr\/index.php\/wp-json\/wp\/v2\/pages\/32\/revisions\/34"}],"wp:attachment":[{"href":"https:\/\/mleantipsychologue.fr\/index.php\/wp-json\/wp\/v2\/media?parent=32"}],"curies":[{"name":"wp","href":"https:\/\/api.w.org\/{rel}","templated":true}]}}